{"id":47,"date":"2022-05-05T20:22:58","date_gmt":"2022-05-05T20:22:58","guid":{"rendered":"https:\/\/oslourologi.no\/?page_id=47"},"modified":"2022-11-07T11:24:31","modified_gmt":"2022-11-07T11:24:31","slug":"om-oss","status":"publish","type":"page","link":"https:\/\/oslourologi.no\/index.php\/om-oss\/","title":{"rendered":"Om Oss"},"content":{"rendered":"<p>[et_pb_section fb_built=&#8221;1&#8243; admin_label=&#8221;Hero&#8221; _builder_version=&#8221;4.16&#8243; _module_preset=&#8221;default&#8221; custom_padding=&#8221;0|0px|54px|0px|false|false&#8221; bottom_divider_height=&#8221;0px&#8221; border_width_bottom=&#8221;1px&#8221; border_color_bottom=&#8221;#efefef&#8221; global_colors_info=&#8221;{}&#8221;][et_pb_row column_structure=&#8221;1_2,1_2&#8243; _builder_version=&#8221;4.16&#8243; _module_preset=&#8221;default&#8221; width=&#8221;100%&#8221; max_width=&#8221;100%&#8221; custom_margin=&#8221;|||&#8221; custom_margin_tablet=&#8221;||0px|&#8221; custom_margin_phone=&#8221;&#8221; custom_margin_last_edited=&#8221;on|desktop&#8221; custom_padding=&#8221;0|0px|27px|0px|false|false&#8221; use_custom_width=&#8221;on&#8221; width_unit=&#8221;off&#8221; custom_width_percent=&#8221;100%&#8221; global_colors_info=&#8221;{}&#8221;][et_pb_column type=&#8221;1_2&#8243; _builder_version=&#8221;4.16&#8243; _module_preset=&#8221;default&#8221; custom_padding=&#8221;6%||6%|12%&#8221; custom_padding_tablet=&#8221;50px|50px|50px|50px&#8221; custom_padding_phone=&#8221;50px|50px|50px|50px&#8221; custom_padding_last_edited=&#8221;on|tablet&#8221; global_colors_info=&#8221;{}&#8221; padding_tablet=&#8221;50px|50px|50px|50px&#8221; padding_last_edited=&#8221;on|tablet&#8221; custom_padding__hover=&#8221;|||&#8221; padding_phone=&#8221;50px|50px|50px|50px&#8221;][et_pb_image src=&#8221;https:\/\/oslourologi.no\/wp-content\/uploads\/2022\/05\/health-icon-1-3.png&#8221; _builder_version=&#8221;4.16&#8243; _module_preset=&#8221;default&#8221; always_center_on_mobile=&#8221;off&#8221; global_colors_info=&#8221;{}&#8221;][\/et_pb_image][et_pb_text _builder_version=&#8221;4.16&#8243; _module_preset=&#8221;default&#8221; text_font=&#8221;Montserrat|300|||||||&#8221; text_text_color=&#8221;#677a92&#8243; text_font_size=&#8221;16px&#8221; text_line_height=&#8221;1.8em&#8221; header_font=&#8221;Montserrat||||||||&#8221; header_font_size=&#8221;50px&#8221; header_line_height=&#8221;1.3em&#8221; header_2_font=&#8221;||||||||&#8221; max_width=&#8221;600px&#8221; custom_margin=&#8221;|||&#8221; custom_margin_tablet=&#8221;0px|50px||50px&#8221; custom_margin_phone=&#8221;|20px||&#8221; custom_margin_last_edited=&#8221;off|desktop&#8221; custom_padding=&#8221;|||&#8221; text_line_height_tablet=&#8221;1.8em&#8221; text_line_height_phone=&#8221;1.8em&#8221; text_line_height_last_edited=&#8221;on|phone&#8221; header_font_size_tablet=&#8221;&#8221; header_font_size_phone=&#8221;36px&#8221; header_font_size_last_edited=&#8221;on|phone&#8221; header_2_font_size_phone=&#8221;30px&#8221; header_2_font_size_last_edited=&#8221;off|desktop&#8221; locked=&#8221;off&#8221; global_colors_info=&#8221;{}&#8221;]<\/p>\n<h1>Om oss<\/h1>\n<p>[\/et_pb_text][et_pb_text _builder_version=&#8221;4.17.3&#8243; _module_preset=&#8221;default&#8221; text_font=&#8221;Montserrat||||||||&#8221; text_font_size=&#8221;16px&#8221; text_line_height=&#8221;2em&#8221; link_font=&#8221;||||||||&#8221; ul_font=&#8221;||||||||&#8221; ol_font=&#8221;||||||||&#8221; quote_font=&#8221;||||||||&#8221; header_font=&#8221;||||||||&#8221; header_2_font=&#8221;Montserrat|300|||||||&#8221; header_2_text_color=&#8221;#212d3b&#8221; header_2_font_size=&#8221;40px&#8221; header_2_line_height=&#8221;1.5em&#8221; max_width=&#8221;600px&#8221; custom_margin=&#8221;|||&#8221; custom_margin_tablet=&#8221;0px|50px||50px&#8221; custom_margin_last_edited=&#8221;off|desktop&#8221; custom_padding=&#8221;|||&#8221; hover_enabled=&#8221;0&#8243; locked=&#8221;off&#8221; global_colors_info=&#8221;{}&#8221; sticky_enabled=&#8221;0&#8243;]<\/p>\n<p><span><strong>Oslo Urologi<\/strong> er et privat helsetilbud for omskj\u00e6ring (circumcision) av guttebarn og andre urologiske tjenester og prosedyrer. Hos oss utf\u00f8res prosedyrene av urolog overlege som er spesialist i urologi og dermed h\u00f8y kompetanse og bred erfaring innen urologiske prosedyrer. Det gir en trygg og sikker behandling med god kompetanes dersom det skulle forekomme komplikasjoner.<\/span><\/p>\n<p><span><strong>Omskj\u00e6ring (Circumcision) av guttebarn<\/strong> er ikke prioritert innen offentlig helsevesen og det kan derfor v\u00e6re lange ventetider. Oslo Urologi tilbyr faglig h\u00f8y kompetanse og konkurransedyktige priser. Klinikken spesialiserer seg p\u00e5 enkle kirurgiske prosedyrer som trang forhud, rituell omskj\u00e6ring av guttebarn og voksne menn.\u00a0<\/span><\/p>\n<p><span><\/span><strong>Overlege Abdul Tahir Rasheed<\/strong> har lang erfaring som urolog fra bl.a Oslo universitetssykehus. Han har utf\u00f8rt urologiske kirurgiske prosedyrer i over 20 \u00e5r med alt fra kreftkirurgi til enkle prosdyrer som omskj\u00e6ring med b\u00e5de Plastibell ring metode og kirurgisk fjerning av forhud og stram frenulum.<\/p>\n<p><span><\/span><\/p>\n<p>[\/et_pb_text][\/et_pb_column][et_pb_column type=&#8221;1_2&#8243; _builder_version=&#8221;4.16&#8243; _module_preset=&#8221;default&#8221; custom_padding=&#8221;|||&#8221; global_colors_info=&#8221;{}&#8221; custom_padding__hover=&#8221;|||&#8221;][et_pb_image src=&#8221;https:\/\/oslourologi.no\/wp-content\/uploads\/2022\/05\/doctor-10.jpg&#8221; force_fullwidth=&#8221;on&#8221; align_tablet=&#8221;center&#8221; align_phone=&#8221;center&#8221; align_last_edited=&#8221;on|desktop&#8221; _builder_version=&#8221;4.17.3&#8243; _module_preset=&#8221;default&#8221; custom_margin=&#8221;|||&#8221; custom_padding=&#8221;|||&#8221; border_radii=&#8221;|24vw|||24vw&#8221; border_color_all=&#8221;#ff447f&#8221; border_width_left=&#8221;2vw&#8221; box_shadow_style=&#8221;preset4&#8243; box_shadow_horizontal=&#8221;-30px&#8221; box_shadow_spread=&#8221;-10px&#8221; box_shadow_color=&#8221;rgba(255,68,127,0.33)&#8221; global_colors_info=&#8221;{}&#8221;][\/et_pb_image][\/et_pb_column][\/et_pb_row][\/et_pb_section]<\/p>\n","protected":false},"excerpt":{"rendered":"<p>Om ossOslo Urologi er et privat helsetilbud for omskj\u00e6ring (circumcision) av guttebarn og andre urologiske tjenester og prosedyrer. Hos oss utf\u00f8res prosedyrene av urolog overlege som er spesialist i urologi og dermed h\u00f8y kompetanse og bred erfaring innen urologiske prosedyrer. Det gir en trygg og sikker behandling med god kompetanes dersom det skulle forekomme komplikasjoner. [&hellip;]<\/p>\n","protected":false},"author":1,"featured_media":0,"parent":0,"menu_order":0,"comment_status":"closed","ping_status":"closed","template":"","meta":{"_et_pb_use_builder":"on","_et_pb_old_content":"","_et_gb_content_width":""},"yoast_head":"<!-- This site is optimized with the Yoast SEO plugin v19.9 - https:\/\/yoast.com\/wordpress\/plugins\/seo\/ -->\n<title>Om Oss - OsloUrologi<\/title>\n<meta name=\"robots\" content=\"index, follow, max-snippet:-1, max-image-preview:large, max-video-preview:-1\" \/>\n<link rel=\"canonical\" href=\"https:\/\/oslourologi.no\/index.php\/om-oss\/\" \/>\n<meta property=\"og:locale\" content=\"en_US\" \/>\n<meta property=\"og:type\" content=\"article\" \/>\n<meta property=\"og:title\" content=\"Om Oss - OsloUrologi\" \/>\n<meta property=\"og:description\" content=\"Om ossOslo Urologi er et privat helsetilbud for omskj\u00e6ring (circumcision) av guttebarn og andre urologiske tjenester og prosedyrer. Hos oss utf\u00f8res prosedyrene av urolog overlege som er spesialist i urologi og dermed h\u00f8y kompetanse og bred erfaring innen urologiske prosedyrer. Det gir en trygg og sikker behandling med god kompetanes dersom det skulle forekomme komplikasjoner. [&hellip;]\" \/>\n<meta property=\"og:url\" content=\"https:\/\/oslourologi.no\/index.php\/om-oss\/\" \/>\n<meta property=\"og:site_name\" content=\"OsloUrologi\" \/>\n<meta property=\"article:modified_time\" content=\"2022-11-07T11:24:31+00:00\" \/>\n<meta name=\"twitter:card\" content=\"summary_large_image\" \/>\n<meta name=\"twitter:label1\" content=\"Est. reading time\" \/>\n\t<meta name=\"twitter:data1\" content=\"3 minutes\" \/>\n<script type=\"application\/ld+json\" class=\"yoast-schema-graph\">{\"@context\":\"https:\/\/schema.org\",\"@graph\":[{\"@type\":\"WebPage\",\"@id\":\"https:\/\/oslourologi.no\/index.php\/om-oss\/\",\"url\":\"https:\/\/oslourologi.no\/index.php\/om-oss\/\",\"name\":\"Om Oss - OsloUrologi\",\"isPartOf\":{\"@id\":\"https:\/\/oslourologi.no\/#website\"},\"datePublished\":\"2022-05-05T20:22:58+00:00\",\"dateModified\":\"2022-11-07T11:24:31+00:00\",\"breadcrumb\":{\"@id\":\"https:\/\/oslourologi.no\/index.php\/om-oss\/#breadcrumb\"},\"inLanguage\":\"en-US\",\"potentialAction\":[{\"@type\":\"ReadAction\",\"target\":[\"https:\/\/oslourologi.no\/index.php\/om-oss\/\"]}]},{\"@type\":\"BreadcrumbList\",\"@id\":\"https:\/\/oslourologi.no\/index.php\/om-oss\/#breadcrumb\",\"itemListElement\":[{\"@type\":\"ListItem\",\"position\":1,\"name\":\"Home\",\"item\":\"https:\/\/oslourologi.no\/\"},{\"@type\":\"ListItem\",\"position\":2,\"name\":\"Om Oss\"}]},{\"@type\":\"WebSite\",\"@id\":\"https:\/\/oslourologi.no\/#website\",\"url\":\"https:\/\/oslourologi.no\/\",\"name\":\"OsloUrologi\",\"description\":\"Spesialist innen urologisk behandling\",\"potentialAction\":[{\"@type\":\"SearchAction\",\"target\":{\"@type\":\"EntryPoint\",\"urlTemplate\":\"https:\/\/oslourologi.no\/?s={search_term_string}\"},\"query-input\":\"required name=search_term_string\"}],\"inLanguage\":\"en-US\"}]}<\/script>\n<!-- \/ Yoast SEO plugin. -->","yoast_head_json":{"title":"Om Oss - OsloUrologi","robots":{"index":"index","follow":"follow","max-snippet":"max-snippet:-1","max-image-preview":"max-image-preview:large","max-video-preview":"max-video-preview:-1"},"canonical":"https:\/\/oslourologi.no\/index.php\/om-oss\/","og_locale":"en_US","og_type":"article","og_title":"Om Oss - OsloUrologi","og_description":"Om ossOslo Urologi er et privat helsetilbud for omskj\u00e6ring (circumcision) av guttebarn og andre urologiske tjenester og prosedyrer. Hos oss utf\u00f8res prosedyrene av urolog overlege som er spesialist i urologi og dermed h\u00f8y kompetanse og bred erfaring innen urologiske prosedyrer. Det gir en trygg og sikker behandling med god kompetanes dersom det skulle forekomme komplikasjoner. [&hellip;]","og_url":"https:\/\/oslourologi.no\/index.php\/om-oss\/","og_site_name":"OsloUrologi","article_modified_time":"2022-11-07T11:24:31+00:00","twitter_card":"summary_large_image","twitter_misc":{"Est. reading time":"3 minutes"},"schema":{"@context":"https:\/\/schema.org","@graph":[{"@type":"WebPage","@id":"https:\/\/oslourologi.no\/index.php\/om-oss\/","url":"https:\/\/oslourologi.no\/index.php\/om-oss\/","name":"Om Oss - OsloUrologi","isPartOf":{"@id":"https:\/\/oslourologi.no\/#website"},"datePublished":"2022-05-05T20:22:58+00:00","dateModified":"2022-11-07T11:24:31+00:00","breadcrumb":{"@id":"https:\/\/oslourologi.no\/index.php\/om-oss\/#breadcrumb"},"inLanguage":"en-US","potentialAction":[{"@type":"ReadAction","target":["https:\/\/oslourologi.no\/index.php\/om-oss\/"]}]},{"@type":"BreadcrumbList","@id":"https:\/\/oslourologi.no\/index.php\/om-oss\/#breadcrumb","itemListElement":[{"@type":"ListItem","position":1,"name":"Home","item":"https:\/\/oslourologi.no\/"},{"@type":"ListItem","position":2,"name":"Om Oss"}]},{"@type":"WebSite","@id":"https:\/\/oslourologi.no\/#website","url":"https:\/\/oslourologi.no\/","name":"OsloUrologi","description":"Spesialist innen urologisk behandling","potentialAction":[{"@type":"SearchAction","target":{"@type":"EntryPoint","urlTemplate":"https:\/\/oslourologi.no\/?s={search_term_string}"},"query-input":"required name=search_term_string"}],"inLanguage":"en-US"}]}},"_links":{"self":[{"href":"https:\/\/oslourologi.no\/index.php\/wp-json\/wp\/v2\/pages\/47"}],"collection":[{"href":"https:\/\/oslourologi.no\/index.php\/wp-json\/wp\/v2\/pages"}],"about":[{"href":"https:\/\/oslourologi.no\/index.php\/wp-json\/wp\/v2\/types\/page"}],"author":[{"embeddable":true,"href":"https:\/\/oslourologi.no\/index.php\/wp-json\/wp\/v2\/users\/1"}],"replies":[{"embeddable":true,"href":"https:\/\/oslourologi.no\/index.php\/wp-json\/wp\/v2\/comments?post=47"}],"version-history":[{"count":10,"href":"https:\/\/oslourologi.no\/index.php\/wp-json\/wp\/v2\/pages\/47\/revisions"}],"predecessor-version":[{"id":32028,"href":"https:\/\/oslourologi.no\/index.php\/wp-json\/wp\/v2\/pages\/47\/revisions\/32028"}],"wp:attachment":[{"href":"https:\/\/oslourologi.no\/index.php\/wp-json\/wp\/v2\/media?parent=47"}],"curies":[{"name":"wp","href":"https:\/\/api.w.org\/{rel}","templated":true}]}}